{"id":67,"date":"2013-12-03T17:24:18","date_gmt":"2013-12-03T15:24:18","guid":{"rendered":"http:\/\/www.appfusion.at\/sites\/tattoostothemax\/?page_id=67"},"modified":"2019-09-11T16:27:01","modified_gmt":"2019-09-11T14:27:01","slug":"about","status":"publish","type":"page","link":"https:\/\/dev1.gulaschmusi.at\/?page_id=67","title":{"rendered":"The Studio"},"content":{"rendered":"<p style=\"margin-bottom: 0cm; text-align: left;\">\n<p style=\"margin-bottom: 0cm; text-align: left;\">Im Winter 2008\/09 er\u00f6ffnete Tattoos to the Max &#8211; das neue Studio &#8211; direkt im Herzen von Bad Ischl.<\/p>\n<p style=\"margin-bottom: 0cm; text-align: left;\">Im komfortablen Empfangs- und Wartebereich k\u00f6nnen sich Kunden und Interessierte beraten lassen und bei Bedarf erfrischen.<\/p>\n<p style=\"margin-bottom: 0cm; text-align: left;\">Dahinter findet sich der gro\u00dfz\u00fcgig angelegte Arbeitsbereich mit mehreren Arbeitspl\u00e4tzen, wo sich die T\u00e4towierer den jeweiligen Kundenw\u00fcnschen widmen und in privater Atmosph\u00e4re nach h\u00f6chsten Hygienestandards arbeiten.<\/p>\n<p style=\"margin-bottom: 0cm; text-align: left;\">&#8212;<\/p>\n<p style=\"margin-bottom: 0cm; text-align: left;\">Tattoos to the Max is situated since winter 2008\/09 in a stylish studio in the heart of Bad Ischl.<br \/>\nThe space includes a striking reception area with a comfortable waiting area and a small coffee bar. Other refreshments are also available.<br \/>\nThe working area is spacious enough to allow several experienced artists to work alongside each other whilst fullfilling the wishes of the customers and maintaining the highest standards in hygiene and customer privacy.<\/p>\n<p><img loading=\"lazy\" decoding=\"async\" class=\"alignright wp-image-429 size-medium\" style=\"font-size: 13px; line-height: 19.5px; margin: 30px;\" src=\"http:\/\/www.appfusion.at\/sites\/tattoostothemax\/wp-content\/uploads\/2013\/12\/studio-frontal2-300x221.jpg\" alt=\"\" width=\"300\" height=\"221\" srcset=\"https:\/\/dev1.gulaschmusi.at\/wp-content\/uploads\/2013\/12\/studio-frontal2-300x221.jpg 300w, https:\/\/dev1.gulaschmusi.at\/wp-content\/uploads\/2013\/12\/studio-frontal2-1024x757.jpg 1024w, https:\/\/dev1.gulaschmusi.at\/wp-content\/uploads\/2013\/12\/studio-frontal2.jpg 1304w\" sizes=\"auto, (max-width: 300px) 100vw, 300px\" \/><\/p>\n","protected":false},"excerpt":{"rendered":"<p>Im Winter 2008\/09 er\u00f6ffnete Tattoos to the Max &#8211; das neue Studio &#8211; direkt im Herzen von Bad Ischl. Im komfortablen Empfangs- und Wartebereich k\u00f6nnen sich Kunden und Interessierte beraten lassen und bei Bedarf erfrischen. Dahinter findet sich der gro\u00dfz\u00fcgig angelegte Arbeitsbereich mit mehreren Arbeitspl\u00e4tzen, wo sich die T\u00e4towierer den jeweiligen Kundenw\u00fcnschen widmen und in [&hellip;]<\/p>\n","protected":false},"author":1,"featured_media":0,"parent":0,"menu_order":0,"comment_status":"closed","ping_status":"closed","template":"","meta":{"footnotes":""},"class_list":["post-67","page","type-page","status-publish","hentry"],"_links":{"self":[{"href":"https:\/\/dev1.gulaschmusi.at\/index.php?rest_route=\/wp\/v2\/pages\/67","targetHints":{"allow":["GET"]}}],"collection":[{"href":"https:\/\/dev1.gulaschmusi.at\/index.php?rest_route=\/wp\/v2\/pages"}],"about":[{"href":"https:\/\/dev1.gulaschmusi.at\/index.php?rest_route=\/wp\/v2\/types\/page"}],"author":[{"embeddable":true,"href":"https:\/\/dev1.gulaschmusi.at\/index.php?rest_route=\/wp\/v2\/users\/1"}],"replies":[{"embeddable":true,"href":"https:\/\/dev1.gulaschmusi.at\/index.php?rest_route=%2Fwp%2Fv2%2Fcomments&post=67"}],"version-history":[{"count":33,"href":"https:\/\/dev1.gulaschmusi.at\/index.php?rest_route=\/wp\/v2\/pages\/67\/revisions"}],"predecessor-version":[{"id":451,"href":"https:\/\/dev1.gulaschmusi.at\/index.php?rest_route=\/wp\/v2\/pages\/67\/revisions\/451"}],"wp:attachment":[{"href":"https:\/\/dev1.gulaschmusi.at\/index.php?rest_route=%2Fwp%2Fv2%2Fmedia&parent=67"}],"curies":[{"name":"wp","href":"https:\/\/api.w.org\/{rel}","templated":true}]}}